{"id":32,"date":"2016-02-22T11:32:10","date_gmt":"2016-02-22T10:32:10","guid":{"rendered":"https:\/\/paulat.de\/?page_id=32"},"modified":"2025-07-31T08:57:10","modified_gmt":"2025-07-31T06:57:10","slug":"impressum","status":"publish","type":"page","link":"https:\/\/paulat.de\/en\/impressum\/","title":{"rendered":"Impressum"},"content":{"rendered":"<h1>Erwin Paulat<br \/>\n <span class=\"black\">Kunststoff- und Metallwaren GmbH<\/span><\/h1>\n<div class=\"row\">\n<div class=\"col-xs-12 col-sm-7\"><p><\/p>\n<p>Hinterwaldallee 1<br \/>\nD-76770 Hatzenb\u00fchl<br \/>\nTel.: +49 7275-5466<br \/>\nFax: +49 7275-1235<br \/>\n<img decoding=\"async\" src=\"https:\/\/paulat.de\/wp-content\/uploads\/2016\/04\/kontakt.png\" alt=\"\" width=\"139\" class=\"alignnone size-full wp-image-2587\" srcset=\"https:\/\/paulat.de\/wp-content\/uploads\/2016\/04\/kontakt.png 139w, https:\/\/paulat.de\/wp-content\/uploads\/2016\/04\/kontakt-100x15.png 100w\" sizes=\"(max-width: 139px) 100vw, 139px\" \/><\/p>\n<p><strong><a href=\"https:\/\/paulat.de\">www.paulat.de<\/a><\/strong><\/p>\n<p><\/p><\/p>\n<p>&nbsp;<\/p>\n<p>Gesch\u00e4ftsf\u00fchrer: Thomas Paulat<br \/>\n Inhaltlich Verantwortlicher gem\u00e4\u00df \u00a7 55 Abs. 2 RStV: Thomas Paulat<br \/>\n Handelsregister Kandel HRB 21478<br \/>\n USt-IdNr.: DE161777907<\/p>\n<p>&nbsp;<\/p>\n<\/div>\n<div class=\"col-xs-12 col-sm-5\">\n<p>Konzeption und Realisierung:<br \/>\n <strong>modus: medien + kommunikation gmbh<br \/>\n <a title=\"modus: medien + kommunikation gmbh\" href=\"http:\/\/www.modus-media.de\" target=\"_blank\">www.modus-media.de<\/a><\/strong><\/p>\n<p>&nbsp;<\/p>\n<\/div>\n<\/div>\n<div class=\"row\" style=\"background: rgba(255,255,255,.5); padding: 15px;\">\n<p><strong>Beschwerden\/Streitschlichtung<\/strong><br \/>\nUnsere E-Mail-Adresse finden Sie oben im Impressum.<br \/>\nWir sind nicht bereit oder verpflichtet, an Streitbeilegungsverfahren vor einer Verbraucherschlichtungsstelle teilzunehmen.<\/p>\n<\/div>\n<p>&nbsp;<\/p>\n<p>&nbsp;<\/p>\n<h2>Disclaimer &#8211; rechtliche Hinweise<\/h2>\n<ol style=\"list-style-type:none;\">\n<li>\n<h3>1. Warnhinweis zu Inhalten<\/h3>\n<p>Die kostenlosen und frei zug\u00e4nglichen Inhalte dieser Webseite wurden mit gr\u00f6\u00dftm\u00f6glicher Sorgfalt erstellt. Der Anbieter dieser Webseite \u00fcbernimmt jedoch keine Gew\u00e4hr f\u00fcr die Richtigkeit und Aktualit\u00e4t der bereitgestellten kostenlosen und frei zug\u00e4nglichen journalistischen Ratgeber und Nachrichten. Namentlich gekennzeichnete Beitr\u00e4ge geben die Meinung des jeweiligen Autors und nicht immer die Meinung des Anbieters wieder. Allein durch den Aufruf der kostenlosen und frei zug\u00e4nglichen Inhalte kommt keinerlei Vertragsverh\u00e4ltnis zwischen dem Nutzer und dem Anbieter zustande, insoweit fehlt es am Rechtsbindungswillen des Anbieters.<\/p>\n<\/li>\n<li>\n<h3>2. Externe Links<\/h3>\n<p>Diese Website enth\u00e4lt Verkn\u00fcpfungen zu Websites Dritter (&#8220;externe Links&#8221;). Diese Websites unterliegen der Haftung der jeweiligen Betreiber. Der Anbieter hat bei der erstmaligen Verkn\u00fcpfung der externen Links die fremden Inhalte daraufhin \u00fcberpr\u00fcft, ob etwaige Rechtsverst\u00f6\u00dfe bestehen. Zu dem Zeitpunkt waren keine Rechtsverst\u00f6\u00dfe ersichtlich. Der Anbieter hat keinerlei Einfluss auf die aktuelle und zuk\u00fcnftige Gestaltung und auf die Inhalte der verkn\u00fcpften Seiten. Das Setzen von externen Links bedeutet nicht, dass sich der Anbieter die hinter dem Verweis oder Link liegenden Inhalte zu Eigen macht. Eine st\u00e4ndige Kontrolle der externen Links ist f\u00fcr den Anbieter ohne konkrete Hinweise auf Rechtsverst\u00f6\u00dfe nicht zumutbar. Bei Kenntnis von Rechtsverst\u00f6\u00dfen werden jedoch derartige externe Links unverz\u00fcglich gel\u00f6scht.<\/p>\n<\/li>\n<li>\n<h3>3. Urheber- und Leistungsschutzrechte<\/h3>\n<p>Die auf dieser Website ver\u00f6ffentlichten Inhalte unterliegen dem deutschen Urheber- und Leistungsschutzrecht. Jede vom deutschen Urheber- und Leistungsschutzrecht nicht zugelassene Verwertung bedarf der vorherigen schriftlichen Zustimmung des Anbieters oder jeweiligen Rechteinhabers. Dies gilt insbesondere f\u00fcr Vervielf\u00e4ltigung, Bearbeitung, \u00dcbersetzung, Einspeicherung, Verarbeitung bzw. Wiedergabe von Inhalten in Datenbanken oder anderen elektronischen Medien und Systemen. Inhalte und Rechte Dritter sind dabei als solche gekennzeichnet. Die unerlaubte Vervielf\u00e4ltigung oder Weitergabe einzelner Inhalte oder kompletter Seiten ist nicht gestattet und strafbar. Lediglich die Herstellung von Kopien und Downloads f\u00fcr den pers\u00f6nlichen, privaten und nicht kommerziellen Gebrauch ist erlaubt.<\/p>\n<p>Die Darstellung dieser Website in fremden Frames ist nur mit schriftlicher Erlaubnis zul\u00e4ssig.<\/p>\n<\/li>\n<li>\n<h3>4. Besondere Nutzungsbedingungen<\/h3>\n<p>Soweit besondere Bedingungen f\u00fcr einzelne Nutzungen dieser Website von den vorgenannten Nummern 1. bis 4. abweichen, wird an entsprechender Stelle ausdr\u00fccklich darauf hingewiesen. In diesem Falle gelten im jeweiligen Einzelfall die besonderen Nutzungsbedingungen.<\/p>\n<\/li>\n<\/ol>\n<p><small>Quelle: <a href=\"https:\/\/www.juraforum.de\/disclaimer_muster\/\" target=\"_blank\">Disclaimer Muster von JuraForum.de<\/a>.<\/small><\/p>\n","protected":false},"excerpt":{"rendered":"<p>Erwin Paulat Kunststoff- und Metallwaren GmbH &nbsp; Gesch\u00e4ftsf\u00fchrer: Thomas Paulat Inhaltlich Verantwortlicher gem\u00e4\u00df \u00a7 55 Abs. 2 RStV: Thomas Paulat Handelsregister Kandel HRB 21478 USt-IdNr.: DE161777907 &nbsp; Konzeption und Realisierung: modus: medien + kommunikation gmbh www.modus-media.de &nbsp; Beschwerden\/Streitschlichtung Unsere E-Mail-Adresse finden Sie oben im Impressum. Wir sind nicht bereit oder verpflichtet, an Streitbeilegungsverfahren vor einer Verbraucherschlichtungsstelle teilzunehmen. &nbsp; &nbsp; Disclaimer \u2026 <span class=\"more\">&gt;<\/span><\/p>\n","protected":false},"author":1,"featured_media":0,"parent":0,"menu_order":210,"comment_status":"closed","ping_status":"closed","template":"","meta":{"_acf_changed":false,"footnotes":"","_links_to":"","_links_to_target":""},"class_list":["post-32","page","type-page","status-publish","hentry"],"acf":[],"yoast_head":"<!-- This site is optimized with the Yoast SEO plugin v27.2 - https:\/\/yoast.com\/product\/yoast-seo-wordpress\/ -->\n<title>Impressum \u2013 Rechtliche Hinweise &#8211; Erwin Paulat Impressum \u2013 Rechtliche Hinweise &#8211; Erwin Paulat<\/title>\n<meta name=\"robots\" content=\"index, follow, max-snippet:-1, max-image-preview:large, max-video-preview:-1\" \/>\n<link rel=\"canonical\" href=\"https:\/\/paulat.de\/en\/impressum\/\" \/>\n<meta property=\"og:locale\" content=\"en_US\" \/>\n<meta property=\"og:type\" content=\"article\" \/>\n<meta property=\"og:title\" content=\"Impressum \u2013 Rechtliche Hinweise &#8211; Erwin Paulat Impressum \u2013 Rechtliche Hinweise &#8211; Erwin Paulat\" \/>\n<meta property=\"og:description\" content=\"Erwin Paulat Kunststoff- und Metallwaren GmbH &nbsp; Gesch\u00e4ftsf\u00fchrer: Thomas Paulat Inhaltlich Verantwortlicher gem\u00e4\u00df \u00a7 55 Abs. 2 RStV: Thomas Paulat Handelsregister Kandel HRB 21478 USt-IdNr.: DE161777907 &nbsp; Konzeption und Realisierung: modus: medien + kommunikation gmbh www.modus-media.de &nbsp; Beschwerden\/Streitschlichtung Unsere E-Mail-Adresse finden Sie oben im Impressum. Wir sind nicht bereit oder verpflichtet, an Streitbeilegungsverfahren vor einer Verbraucherschlichtungsstelle teilzunehmen. &nbsp; &nbsp; Disclaimer \u2026 &gt;\" \/>\n<meta property=\"og:url\" content=\"https:\/\/paulat.de\/en\/impressum\/\" \/>\n<meta property=\"og:site_name\" content=\"Erwin Paulat\" \/>\n<meta property=\"article:modified_time\" content=\"2025-07-31T06:57:10+00:00\" \/>\n<meta name=\"twitter:card\" content=\"summary_large_image\" \/>\n<meta name=\"twitter:label1\" content=\"Est. reading time\" \/>\n\t<meta name=\"twitter:data1\" content=\"5 minutes\" \/>\n<script type=\"application\/ld+json\" class=\"yoast-schema-graph\">{\"@context\":\"https:\/\/schema.org\",\"@graph\":[{\"@type\":\"WebPage\",\"@id\":\"https:\/\/paulat.de\/en\/impressum\/\",\"url\":\"https:\/\/paulat.de\/en\/impressum\/\",\"name\":\"Impressum \u2013 Rechtliche Hinweise &#8211; Erwin Paulat Impressum \u2013 Rechtliche Hinweise &#8211; Erwin Paulat\",\"isPartOf\":{\"@id\":\"https:\/\/paulat.de\/#website\"},\"datePublished\":\"2016-02-22T10:32:10+00:00\",\"dateModified\":\"2025-07-31T06:57:10+00:00\",\"breadcrumb\":{\"@id\":\"https:\/\/paulat.de\/en\/impressum\/#breadcrumb\"},\"inLanguage\":\"en-US\",\"potentialAction\":[{\"@type\":\"ReadAction\",\"target\":[\"https:\/\/paulat.de\/en\/impressum\/\"]}]},{\"@type\":\"BreadcrumbList\",\"@id\":\"https:\/\/paulat.de\/en\/impressum\/#breadcrumb\",\"itemListElement\":[{\"@type\":\"ListItem\",\"position\":1,\"name\":\"Home\",\"item\":\"https:\/\/paulat.de\/\"},{\"@type\":\"ListItem\",\"position\":2,\"name\":\"Impressum\"}]},{\"@type\":\"WebSite\",\"@id\":\"https:\/\/paulat.de\/#website\",\"url\":\"https:\/\/paulat.de\/\",\"name\":\"Erwin Paulat\",\"description\":\"Kunststoff- und Metallwaren GmbH\",\"publisher\":{\"@id\":\"https:\/\/paulat.de\/#organization\"},\"potentialAction\":[{\"@type\":\"SearchAction\",\"target\":{\"@type\":\"EntryPoint\",\"urlTemplate\":\"https:\/\/paulat.de\/?s={search_term_string}\"},\"query-input\":{\"@type\":\"PropertyValueSpecification\",\"valueRequired\":true,\"valueName\":\"search_term_string\"}}],\"inLanguage\":\"en-US\"},{\"@type\":\"Organization\",\"@id\":\"https:\/\/paulat.de\/#organization\",\"name\":\"Erwin Paulat | Kunststoff- und Metallwaren GmbH\",\"url\":\"https:\/\/paulat.de\/\",\"logo\":{\"@type\":\"ImageObject\",\"inLanguage\":\"en-US\",\"@id\":\"https:\/\/paulat.de\/#\/schema\/logo\/image\/\",\"url\":\"https:\/\/paulat.de\/wp-content\/uploads\/2016\/04\/Paulat-Logo.png\",\"contentUrl\":\"https:\/\/paulat.de\/wp-content\/uploads\/2016\/04\/Paulat-Logo.png\",\"width\":800,\"height\":526,\"caption\":\"Erwin Paulat | Kunststoff- und Metallwaren GmbH\"},\"image\":{\"@id\":\"https:\/\/paulat.de\/#\/schema\/logo\/image\/\"}}]}<\/script>\n<!-- \/ Yoast SEO plugin. -->","yoast_head_json":{"title":"Impressum \u2013 Rechtliche Hinweise &#8211; Erwin Paulat Impressum \u2013 Rechtliche Hinweise &#8211; Erwin Paulat","robots":{"index":"index","follow":"follow","max-snippet":"max-snippet:-1","max-image-preview":"max-image-preview:large","max-video-preview":"max-video-preview:-1"},"canonical":"https:\/\/paulat.de\/en\/impressum\/","og_locale":"en_US","og_type":"article","og_title":"Impressum \u2013 Rechtliche Hinweise &#8211; Erwin Paulat Impressum \u2013 Rechtliche Hinweise &#8211; Erwin Paulat","og_description":"Erwin Paulat Kunststoff- und Metallwaren GmbH &nbsp; Gesch\u00e4ftsf\u00fchrer: Thomas Paulat Inhaltlich Verantwortlicher gem\u00e4\u00df \u00a7 55 Abs. 2 RStV: Thomas Paulat Handelsregister Kandel HRB 21478 USt-IdNr.: DE161777907 &nbsp; Konzeption und Realisierung: modus: medien + kommunikation gmbh www.modus-media.de &nbsp; Beschwerden\/Streitschlichtung Unsere E-Mail-Adresse finden Sie oben im Impressum. Wir sind nicht bereit oder verpflichtet, an Streitbeilegungsverfahren vor einer Verbraucherschlichtungsstelle teilzunehmen. &nbsp; &nbsp; Disclaimer \u2026 &gt;","og_url":"https:\/\/paulat.de\/en\/impressum\/","og_site_name":"Erwin Paulat","article_modified_time":"2025-07-31T06:57:10+00:00","twitter_card":"summary_large_image","twitter_misc":{"Est. reading time":"5 minutes"},"schema":{"@context":"https:\/\/schema.org","@graph":[{"@type":"WebPage","@id":"https:\/\/paulat.de\/en\/impressum\/","url":"https:\/\/paulat.de\/en\/impressum\/","name":"Impressum \u2013 Rechtliche Hinweise &#8211; Erwin Paulat Impressum \u2013 Rechtliche Hinweise &#8211; Erwin Paulat","isPartOf":{"@id":"https:\/\/paulat.de\/#website"},"datePublished":"2016-02-22T10:32:10+00:00","dateModified":"2025-07-31T06:57:10+00:00","breadcrumb":{"@id":"https:\/\/paulat.de\/en\/impressum\/#breadcrumb"},"inLanguage":"en-US","potentialAction":[{"@type":"ReadAction","target":["https:\/\/paulat.de\/en\/impressum\/"]}]},{"@type":"BreadcrumbList","@id":"https:\/\/paulat.de\/en\/impressum\/#breadcrumb","itemListElement":[{"@type":"ListItem","position":1,"name":"Home","item":"https:\/\/paulat.de\/"},{"@type":"ListItem","position":2,"name":"Impressum"}]},{"@type":"WebSite","@id":"https:\/\/paulat.de\/#website","url":"https:\/\/paulat.de\/","name":"Erwin Paulat","description":"Kunststoff- und Metallwaren GmbH","publisher":{"@id":"https:\/\/paulat.de\/#organization"},"potentialAction":[{"@type":"SearchAction","target":{"@type":"EntryPoint","urlTemplate":"https:\/\/paulat.de\/?s={search_term_string}"},"query-input":{"@type":"PropertyValueSpecification","valueRequired":true,"valueName":"search_term_string"}}],"inLanguage":"en-US"},{"@type":"Organization","@id":"https:\/\/paulat.de\/#organization","name":"Erwin Paulat | Kunststoff- und Metallwaren GmbH","url":"https:\/\/paulat.de\/","logo":{"@type":"ImageObject","inLanguage":"en-US","@id":"https:\/\/paulat.de\/#\/schema\/logo\/image\/","url":"https:\/\/paulat.de\/wp-content\/uploads\/2016\/04\/Paulat-Logo.png","contentUrl":"https:\/\/paulat.de\/wp-content\/uploads\/2016\/04\/Paulat-Logo.png","width":800,"height":526,"caption":"Erwin Paulat | Kunststoff- und Metallwaren GmbH"},"image":{"@id":"https:\/\/paulat.de\/#\/schema\/logo\/image\/"}}]}},"_links":{"self":[{"href":"https:\/\/paulat.de\/en\/wp-json\/wp\/v2\/pages\/32","targetHints":{"allow":["GET"]}}],"collection":[{"href":"https:\/\/paulat.de\/en\/wp-json\/wp\/v2\/pages"}],"about":[{"href":"https:\/\/paulat.de\/en\/wp-json\/wp\/v2\/types\/page"}],"author":[{"embeddable":true,"href":"https:\/\/paulat.de\/en\/wp-json\/wp\/v2\/users\/1"}],"replies":[{"embeddable":true,"href":"https:\/\/paulat.de\/en\/wp-json\/wp\/v2\/comments?post=32"}],"version-history":[{"count":8,"href":"https:\/\/paulat.de\/en\/wp-json\/wp\/v2\/pages\/32\/revisions"}],"predecessor-version":[{"id":3881,"href":"https:\/\/paulat.de\/en\/wp-json\/wp\/v2\/pages\/32\/revisions\/3881"}],"wp:attachment":[{"href":"https:\/\/paulat.de\/en\/wp-json\/wp\/v2\/media?parent=32"}],"curies":[{"name":"wp","href":"https:\/\/api.w.org\/{rel}","templated":true}]}}